{"id":63,"date":"2024-05-09T01:25:55","date_gmt":"2024-05-09T01:25:55","guid":{"rendered":"https:\/\/staging.bcisrael.be\/fr\/?page_id=63"},"modified":"2024-05-09T16:19:32","modified_gmt":"2024-05-09T16:19:32","slug":"petition","status":"publish","type":"page","link":"https:\/\/bcisrael.be\/fr\/petition\/","title":{"rendered":"Petition-FR"},"content":{"rendered":"\t\t<div data-elementor-type=\"wp-page\" data-elementor-id=\"63\" class=\"elementor elementor-63\" data-elementor-post-type=\"page\">\n\t\t\t\t<div class=\"elementor-element elementor-element-30ff3e97 e-flex e-con-boxed e-con e-parent\" data-id=\"30ff3e97\" data-element_type=\"container\" data-e-type=\"container\">\n\t\t\t\t\t<div class=\"e-con-inner\">\n\t\t<div class=\"elementor-element elementor-element-70d86f16 e-flex e-con-boxed e-con e-child\" data-id=\"70d86f16\" data-element_type=\"container\" data-e-type=\"container\">\n\t\t\t\t\t<div class=\"e-con-inner\">\n\t\t\t\t<div class=\"elementor-element elementor-element-4edce3cf elementor-widget elementor-widget-heading\" data-id=\"4edce3cf\" data-element_type=\"widget\" data-e-type=\"widget\" data-widget_type=\"heading.default\">\n\t\t\t\t<div class=\"elementor-widget-container\">\n\t\t\t\t\t<h1 class=\"elementor-heading-title elementor-size-default\">PETITION: JE NE RESTERAI PAS SILENCIEUX !<\/h1>\t\t\t\t<\/div>\n\t\t\t\t<\/div>\n\t\t\t\t\t<\/div>\n\t\t\t\t<\/div>\n\t\t\t\t<div class=\"elementor-element elementor-element-6fc3a1b0 elementor-widget elementor-widget-text-editor\" data-id=\"6fc3a1b0\" data-element_type=\"widget\" data-e-type=\"widget\" data-widget_type=\"text-editor.default\">\n\t\t\t\t<div class=\"elementor-widget-container\">\n\t\t\t\t\t\t\t\t\t<p><strong>PAR SYMPATHIE POUR TOUTES LES VICTIMES INNOCENTES.<\/strong><\/p><p><strong>AVEC L&rsquo;ESPOIR D&rsquo;UNE PAIX V\u00c9RITABLE O\u00d9 LE DROIT \u00c0 L&rsquo;EXISTENCE DES DEUX PARTIES SERAIT RECONNU.<\/strong><\/p>\t\t\t\t\t\t\t\t<\/div>\n\t\t\t\t<\/div>\n\t\t<div class=\"elementor-element elementor-element-77737e2b e-grid e-con-boxed e-con e-child\" data-id=\"77737e2b\" data-element_type=\"container\" data-e-type=\"container\">\n\t\t\t\t\t<div class=\"e-con-inner\">\n\t\t<div class=\"elementor-element elementor-element-213925b1 e-con-full e-flex e-con e-child\" data-id=\"213925b1\" data-element_type=\"container\" data-e-type=\"container\">\n\t\t\t\t<div class=\"elementor-element elementor-element-1d416d8d elementor-arrows-position-inside elementor-widget elementor-widget-image-carousel\" data-id=\"1d416d8d\" data-element_type=\"widget\" data-e-type=\"widget\" data-settings=\"{&quot;slides_to_show&quot;:&quot;1&quot;,&quot;navigation&quot;:&quot;arrows&quot;,&quot;lazyload&quot;:&quot;yes&quot;,&quot;autoplay&quot;:&quot;yes&quot;,&quot;pause_on_hover&quot;:&quot;yes&quot;,&quot;pause_on_interaction&quot;:&quot;yes&quot;,&quot;autoplay_speed&quot;:5000,&quot;infinite&quot;:&quot;yes&quot;,&quot;effect&quot;:&quot;slide&quot;,&quot;speed&quot;:500}\" data-widget_type=\"image-carousel.default\">\n\t\t\t\t<div class=\"elementor-widget-container\">\n\t\t\t\t\t\t\t<div class=\"elementor-image-carousel-wrapper swiper\" role=\"region\" aria-roledescription=\"carousel\" aria-label=\"Carrousel d\u2019images\" dir=\"ltr\">\n\t\t\t<div class=\"elementor-image-carousel swiper-wrapper swiper-image-stretch\" aria-live=\"off\">\n\t\t\t\t\t\t\t\t<div class=\"swiper-slide\" role=\"group\" aria-roledescription=\"slide\" aria-label=\"1 sur 2\"><figure class=\"swiper-slide-inner\"><img class=\"swiper-slide-image swiper-lazy\" data-src=\"https:\/\/bcisrael.be\/fr\/wp-content\/uploads\/sites\/3\/2024\/05\/bring-them-back-A5-Front-1-768x1079.jpg\" alt=\"bring-them-back-A5-Front-1.jpg\" \/><div class=\"swiper-lazy-preloader\"><\/div><\/figure><\/div><div class=\"swiper-slide\" role=\"group\" aria-roledescription=\"slide\" aria-label=\"2 sur 2\"><figure class=\"swiper-slide-inner\"><img class=\"swiper-slide-image swiper-lazy\" data-src=\"https:\/\/bcisrael.be\/fr\/wp-content\/uploads\/sites\/3\/2024\/05\/bring-them-back-A5-Back-768x1079.jpg\" alt=\"bring-them-back-A5-Back.jpg\" \/><div class=\"swiper-lazy-preloader\"><\/div><\/figure><\/div>\t\t\t<\/div>\n\t\t\t\t\t\t\t\t\t\t\t\t<div class=\"elementor-swiper-button elementor-swiper-button-prev\" role=\"button\" tabindex=\"0\">\n\t\t\t\t\t\t<svg aria-hidden=\"true\" class=\"e-font-icon-svg e-eicon-chevron-left\" viewBox=\"0 0 1000 1000\" xmlns=\"http:\/\/www.w3.org\/2000\/svg\"><path d=\"M646 125C629 125 613 133 604 142L308 442C296 454 292 471 292 487 292 504 296 521 308 533L604 854C617 867 629 875 646 875 663 875 679 871 692 858 704 846 713 829 713 812 713 796 708 779 692 767L438 487 692 225C700 217 708 204 708 187 708 171 704 154 692 142 675 129 663 125 646 125Z\"><\/path><\/svg>\t\t\t\t\t<\/div>\n\t\t\t\t\t<div class=\"elementor-swiper-button elementor-swiper-button-next\" role=\"button\" tabindex=\"0\">\n\t\t\t\t\t\t<svg aria-hidden=\"true\" class=\"e-font-icon-svg e-eicon-chevron-right\" viewBox=\"0 0 1000 1000\" xmlns=\"http:\/\/www.w3.org\/2000\/svg\"><path d=\"M696 533C708 521 713 504 713 487 713 471 708 454 696 446L400 146C388 133 375 125 354 125 338 125 325 129 313 142 300 154 292 171 292 187 292 204 296 221 308 233L563 492 304 771C292 783 288 800 288 817 288 833 296 850 308 863 321 871 338 875 354 875 371 875 388 867 400 854L696 533Z\"><\/path><\/svg>\t\t\t\t\t<\/div>\n\t\t\t\t\n\t\t\t\t\t\t\t\t\t<\/div>\n\t\t\t\t\t\t<\/div>\n\t\t\t\t<\/div>\n\t\t\t\t<\/div>\n\t\t\t\t<div class=\"elementor-element elementor-element-708356c2 elementor-widget elementor-widget-shortcode\" data-id=\"708356c2\" data-element_type=\"widget\" data-e-type=\"widget\" data-widget_type=\"shortcode.default\">\n\t\t\t\t<div class=\"elementor-widget-container\">\n\t\t\t\t\t\t\t<div class=\"elementor-shortcode\"><div class=\"civist-oembed-wrapper-63\"><div id=\"civist-6588870f-d6d7-4010-a827-166a52eda636\" style=\"max-width: 1290px;\">\t<script type=\"text\/javascript\">\t\tvar _civist = _civist || [];\t\t_civist.push(['civist-6588870f-d6d7-4010-a827-166a52eda636', 'https:\/\/widget.civist.cloud\/?api_url=https%3A%2F%2Fapi.civist.cloud%2Ft%2Fed49e069-0cc5-4029-ae7a-0e1642e9334f%2F#\/RW1iZWRkaW5nOjYwZjI0MmE2LTc2NDgtNGUwYS1hYWRmLTg3NTNhZmVjYTliNQ==']);\t\tif (_civist.length === 1) {\t\t\t(function() {\t\t\t\tvar d = document; var s = d.createElement(\"script\");\t\t\t\ts.type = \"text\/javascript\";\t\t\t\ts.async = true;\t\t\t\ts.src = \"https:\/\/widget.civist.cloud\/embed.js\";\t\t\t\td.body.appendChild(s);\t\t\t})();\t\t}\t<\/script>\t<noscript style=\"display: block;\">\t\t<span lang=\"en\" style=\"\t\t\ttext-align: center;\t\t\tfont-family: sans-serif;\t\t\tcolor: #222;\t\t\tbackground-color: #eee;\t\t\tborder: 1px solid #ddd;\t\t\tborder-radius: 2px;\t\t\tpadding: 20px;\t\t\tdisplay: block;\t\t\">\t\t\t<span style=\"\t\t\t\ttext-align: center;\t\t\t\tfont-family: sans-serif;\t\t\t\tfont-size: 20px;\t\t\t\tfont-weight: bold;\t\t\t\tmargin-top: 24px;\t\t\t\tmargin-bottom: 24px;\t\t\t\tpadding-bottom: 10px;\t\t\t\tborder-bottom: 1px solid #aaa;\t\t\t\tdisplay: block;\t\t\t\">JavaScript required<\/span>\t\t\t<span style=\"\t\t\t\ttext-align: center;\t\t\t\tfont-family: sans-serif;\t\t\t\tfont-size: 14px;\t\t\t\tfont-weight: regular;\t\t\t\tmargin-bottom: 10px;\t\t\t\tdisplay: block;\t\t\t\">\t\t\t\tWe are sorry but without JavaScript enabled, this widget does not work.\t\t\t\tPlease enable JavaScript in your browser's settings and reload this page.\t\t\t<\/span>\t\t\t<a href=\"\" style=\"\t\t\t\tcolor: #fff;\t\t\t\tbackground-color: #2196f3;\t\t\t\tfont-size: 14px;\t\t\t\ttext-decoration: none !important;\t\t\t\ttext-transform: uppercase;\t\t\t\tpadding: 10px 25px;\t\t\t\tdisplay: inline-block;\t\t\t\tmargin-top: 10px;\t\t\t\tborder: 0;\t\t\t\tborder-radius: 2px;\t\t\t\">Reload<\/a>\t\t<\/span>\t<\/noscript><\/div><\/div><script type='text\/javascript'>  var origin = 'https:\/\/widget.civist.cloud\/';  origin = origin.slice(0, -1);  var handleEmbedPostMessage = function(embedContainer) {    window.addEventListener('message', function(msg) {      if(msg.origin !== origin || msg.data !== 'ready') {        return;      }      embedContainer.querySelector('iframe').contentWindow.postMessage({        permalink:'https:\/\/bcisrael.be\/fr\/petition\/',        referrer: window.location.href      },'https:\/\/widget.civist.cloud\/')    });  };  var handleEmbed = function(embedContainer) {    embedContainer.setAttribute('data-permalink', 'https:\/\/bcisrael.be\/fr\/petition\/');    embedContainer.setAttribute('data-mode', 'default');  };  var embedsThemeId = document.querySelectorAll('#post-63 [id^=civist]');  var embedsInternalClass = document.querySelectorAll('.civist-oembed-wrapper-63 [id^=civist]');  [].forEach.call(embedsThemeId, handleEmbedPostMessage);  [].forEach.call(embedsInternalClass, handleEmbedPostMessage);  [].forEach.call(embedsThemeId, handleEmbed);  [].forEach.call(embedsInternalClass, handleEmbed);<\/script><\/div>\n\t\t\t\t\t\t<\/div>\n\t\t\t\t<\/div>\n\t\t\t\t\t<\/div>\n\t\t\t\t<\/div>\n\t\t\t\t\t<\/div>\n\t\t\t\t<\/div>\n\t\t<div class=\"elementor-element elementor-element-23a2f5ce e-flex e-con-boxed e-con e-parent\" data-id=\"23a2f5ce\" data-element_type=\"container\" data-e-type=\"container\">\n\t\t\t\t\t<div class=\"e-con-inner\">\n\t\t<div class=\"elementor-element elementor-element-4d07c010 e-grid e-con-boxed e-con e-child\" data-id=\"4d07c010\" data-element_type=\"container\" data-e-type=\"container\">\n\t\t\t\t\t<div class=\"e-con-inner\">\n\t\t<div class=\"elementor-element elementor-element-4db9077d e-con-full e-flex e-con e-child\" data-id=\"4db9077d\" data-element_type=\"container\" data-e-type=\"container\">\n\t\t\t\t<div class=\"elementor-element elementor-element-423e92fe elementor-drop-cap-yes elementor-widget__width-auto elementor-drop-cap-view-default elementor-widget elementor-widget-text-editor\" data-id=\"423e92fe\" data-element_type=\"widget\" data-e-type=\"widget\" data-settings=\"{&quot;drop_cap&quot;:&quot;yes&quot;}\" data-widget_type=\"text-editor.default\">\n\t\t\t\t<div class=\"elementor-widget-container\">\n\t\t\t\t\t\t\t\t\t<h4><strong>JE NE RESTERAI PAS SILENCIEUX !<\/strong><\/h4><p>Les otages isra\u00e9liens enlev\u00e9s depuis le 7 octobre sont oubli\u00e9s, <strong>maltrait\u00e9s et<\/strong> <strong>outrag\u00e9s<\/strong> \u00e0 bien des \u00e9gards, tant par leurs ravisseurs que par <strong>ceux qui s&rsquo;occupent d&rsquo;eux directement ou indirectement<\/strong>. Les parents des victimes implorent de l&rsquo;attention pour leurs proches, mais rentrent le plus souvent \u00e0 la maison apr\u00e8s un voyage d\u00e9pouill\u00e9.<\/p><p>Quelque 1 200 civils ont \u00e9t\u00e9 viol\u00e9s et\/ou tu\u00e9s de mani\u00e8re horrible ce jour-l\u00e0. Plus de 200 innocents ont \u00e9t\u00e9 enlev\u00e9s \u00e0 cette occasion et sont toujours en vie, subissant d&rsquo;horribles s\u00e9vices.<\/p><p>Les <strong>victimes<\/strong> survivantes sont les seules au monde aujourd&rsquo;hui \u00e0 se voir <strong>refuser la reconnaissance, le traitement et le soutien des organisations d&rsquo;aide internationale<\/strong>.<\/p><p>Il s&rsquo;agit du <strong>plus grand crime l\u00e9gitim\u00e9 contre l&rsquo;humanit\u00e9 et de la plus grande violation des droits de l&rsquo;homme de ce si\u00e8cle<\/strong>.<\/p><p><strong>SANS LOGIQUE<\/strong><\/p><p><strong>Notre d\u00e9mocratie est l&rsquo;otage de slogans<\/strong> qui d\u00e9forment la v\u00e9rit\u00e9. Des foules qui ne connaissent pas vraiment l&rsquo;histoire et les faits sont incit\u00e9es \u00e0 la haine sur les m\u00e9dias sociaux. Il s&rsquo;agit de manipuler la pens\u00e9e.<\/p><p>.<\/p>\t\t\t\t\t\t\t\t<\/div>\n\t\t\t\t<\/div>\n\t\t\t\t<\/div>\n\t\t\t\t<div class=\"elementor-element elementor-element-3905ce51 elementor-widget-mobile__width-inherit elementor-widget__width-auto elementor-widget elementor-widget-text-editor\" data-id=\"3905ce51\" data-element_type=\"widget\" data-e-type=\"widget\" data-widget_type=\"text-editor.default\">\n\t\t\t\t<div class=\"elementor-widget-container\">\n\t\t\t\t\t\t\t\t\t<p>Les <strong>actes et l&rsquo;id\u00e9ologie de terroristes et d&rsquo;organisations connus sont r\u00e9compens\u00e9s<\/strong> par la prise de parti sans <strong>d\u00e9bat ouvert, sans enqu\u00eate transparente sur la v\u00e9rit\u00e9 des faits<\/strong>.<\/p><p>Au nom de la \u00ab\u00a0r\u00e9sistance l\u00e9gitime\u00a0\u00bb, des personnes ont \u00e9t\u00e9 br\u00fbl\u00e9es vives, des enfants d\u00e9capit\u00e9s en masse, des jeunes filles viol\u00e9es par des groupes de terroristes, des femmes enceintes \u00e9ventr\u00e9es. Leurs images ont \u00e9t\u00e9 diffus\u00e9es publiquement par les auteurs eux-m\u00eames, de mani\u00e8re virale sur le net.<\/p><p>Aujourd&rsquo;hui, au nom du \u00ab\u00a0relativisme\u00a0\u00bb, les <strong>terroristes <\/strong>sont <strong>trait\u00e9s comme des h\u00e9ros <\/strong>et le droit des otages isra\u00e9liens \u00e0 une <strong>lib\u00e9ration inconditionnelle est balay\u00e9<\/strong> d&rsquo;un revers de main. Ou bien le <strong>fait d&rsquo;\u00eatre juif<\/strong> est-il <strong>redevenu un crime ?<\/strong><\/p><p><strong>D\u00c9MASQUER LES MENSONGES<\/strong><\/p><p>La m\u00eame propagande qui a habilement d\u00e9sign\u00e9 les Juifs comme les premi\u00e8res victimes de la Seconde Guerre mondiale nous a conduits \u00e0 un <strong>nouvel holocauste<\/strong>, et ce sont toujours <strong>les Juifs qui servent de boucs \u00e9missaires<\/strong>. Et pourtant, leur sort est indissociable du n\u00f4tre.<\/p><p><strong>L&rsquo;histoire nous le dira bient\u00f4t.<\/strong><\/p>\t\t\t\t\t\t\t\t<\/div>\n\t\t\t\t<\/div>\n\t\t\t\t\t<\/div>\n\t\t\t\t<\/div>\n\t\t\t\t\t<\/div>\n\t\t\t\t<\/div>\n\t\t\t\t<\/div>\n\t\t","protected":false},"excerpt":{"rendered":"<p>PETITION: JE NE RESTERAI PAS SILENCIEUX ! PAR SYMPATHIE POUR TOUTES LES VICTIMES INNOCENTES. AVEC L&rsquo;ESPOIR D&rsquo;UNE PAIX V\u00c9RITABLE O\u00d9 LE DROIT \u00c0 L&rsquo;EXISTENCE DES DEUX PARTIES SERAIT RECONNU. JE NE RESTERAI PAS SILENCIEUX ! Les otages isra\u00e9liens enlev\u00e9s depuis le 7 octobre sont oubli\u00e9s, maltrait\u00e9s et outrag\u00e9s \u00e0 bien des \u00e9gards, tant par leurs [&hellip;]<\/p>\n","protected":false},"author":1,"featured_media":0,"parent":0,"menu_order":0,"comment_status":"closed","ping_status":"closed","template":"elementor_header_footer","meta":{"_monsterinsights_skip_tracking":false,"_monsterinsights_sitenote_active":false,"_monsterinsights_sitenote_note":"","_monsterinsights_sitenote_category":0,"footnotes":""},"class_list":["post-63","page","type-page","status-publish","hentry"],"blocksy_meta":[],"aioseo_notices":[],"_links":{"self":[{"href":"https:\/\/bcisrael.be\/fr\/wp-json\/wp\/v2\/pages\/63","targetHints":{"allow":["GET"]}}],"collection":[{"href":"https:\/\/bcisrael.be\/fr\/wp-json\/wp\/v2\/pages"}],"about":[{"href":"https:\/\/bcisrael.be\/fr\/wp-json\/wp\/v2\/types\/page"}],"author":[{"embeddable":true,"href":"https:\/\/bcisrael.be\/fr\/wp-json\/wp\/v2\/users\/1"}],"replies":[{"embeddable":true,"href":"https:\/\/bcisrael.be\/fr\/wp-json\/wp\/v2\/comments?post=63"}],"version-history":[{"count":4,"href":"https:\/\/bcisrael.be\/fr\/wp-json\/wp\/v2\/pages\/63\/revisions"}],"predecessor-version":[{"id":73,"href":"https:\/\/bcisrael.be\/fr\/wp-json\/wp\/v2\/pages\/63\/revisions\/73"}],"wp:attachment":[{"href":"https:\/\/bcisrael.be\/fr\/wp-json\/wp\/v2\/media?parent=63"}],"curies":[{"name":"wp","href":"https:\/\/api.w.org\/{rel}","templated":true}]}}